{"id":987796,"date":"2023-11-10T23:22:31","date_gmt":"2023-11-10T23:22:31","guid":{"rendered":"https:\/\/siluetayausa.com\/?page_id=987796"},"modified":"2023-11-13T21:44:31","modified_gmt":"2023-11-13T21:44:31","slug":"politica-de-privacidad","status":"publish","type":"page","link":"https:\/\/siluetayausa.com\/en\/politica-de-privacidad\/","title":{"rendered":"Privacy Policy"},"content":{"rendered":"<div class=\"vgblk-rw-wrapper limit-wrapper\">\n\n\tSILUETAYA LLC Privacy Policy<br \/>\nThis Privacy Policy describes how your personal information is collected, used and shared when you visit or make a purchase on<br \/>\nsiluetayausa.com (denominado en lo sucesivo el &#8220;Sitio&#8221;).\n<p><strong>PERSONAL INFORMATION WE COLLECT<\/strong><\/p>\nWhen you visit the Site, we automatically collect certain information about your device, including information about your web browser,<br \/>\nIP address, time zone and some of the cookies that are installed on your device. Additionally, as you navigate through the Site,<br \/>\nWe collect information about the individual web pages or products you view, the web pages or search terms that linked you.<br \/>\nremitieron al Sitio e informaci\u00f3n sobre c\u00f3mo interact\u00faa usted con el Sitio. Nos referimos a esta informaci\u00f3n recopilada autom\u00e1ticamente como&#8221;Informaci\u00f3n del dispositivo&#8221;.<br \/>\nWe collect Device Information through the use of the following technologies:\n<strong>COOKIES<\/strong><br \/>\nAqu\u00ed tienes una lista de cookies que utilizamos. Las enlistamos para que puedas elegir si quieres optar por quitarlas o no.\n&#8211; Los &#8220;Archivos de registro&#8221; rastrean las acciones que ocurren en el Sitio y recopilan datos, incluyendo su direcci\u00f3n IP, tipo de navegador,<br \/>\nInternet service provider, referring\/exit pages, and date\/time stamps.<br \/>\n&#8211; Las &#8220;balizas web&#8221;, las &#8220;etiquetas&#8221; y los &#8220;p\u00edxeles&#8221; son archivos electr\u00f3nicos utilizados para registrar informaci\u00f3n sobre c\u00f3mo navega usted<br \/>\npor el Sitio.\nAdem\u00e1s, cuando hace una compra o intenta hacer una compra a trav\u00e9s del Sitio, recopilamos cierta informaci\u00f3n de usted, entre la que se<br \/>\nincludes your name, billing address, shipping address, payment information (including credit card numbers, Paypal), email address, and phone number. We refer to this information as<br \/>\n&#8220;Informaci\u00f3n del pedido&#8221;.\n<p>&nbsp;<\/p>\nINFORMATION YOU COLLECT: OFFLINE DATA, LISTS\/ACQUIRED MARKETING DATA]]<br \/>\nCuando hablamos de &#8220;Informaci\u00f3n personal&#8221; en la presente Pol\u00edtica de privacidad, nos referimos tanto a la Informaci\u00f3n del dispositivo como aInformaci\u00f3n del pedido.<br \/>\n<strong>HOW DO WE USE YOUR PERSONAL INFORMATION?<\/strong><br \/>\nWe use the Order Information we collect generally to prepare orders placed through the Site (including processing your payment information, arranging for shipments, and providing invoices and\/or order confirmations). Furthermore, we use this<br \/>\nOrder information to: communicate with you;<br \/>\nexamine our orders for fraud or potential risks; and when according to the preferences you shared with<br \/>\nnosotros, le proporcionamos informaci\u00f3n o publicidad relacionada con nuestros productos o servicios.\nUtilizamos la Informaci\u00f3n del dispositivo que recopilamos para ayudarnos a detectar posibles riesgos y fraudes (en particular, su direcci\u00f3n IP) yen general, para mejorar y optimizar nuestro Sitio (por ejemplo, al generar informes y estad\u00edsticas sobre c\u00f3mo nuestros clientes navegan e<br \/>\ninteract with the Site and to evaluate the success of our advertising and marketing campaigns).\n<strong>SHARING YOUR PERSONAL INFORMATION<\/strong><br \/>\nWe share your Personal Information with third parties to help us use your Personal Information, as described above.<br \/>\nWe share your Personal Information with third parties to help us use your Personal Information, as described above. For example, we use Shopify technology in our online store. We also use Google Analytics to help us understand how<br \/>\nour customers use the Site. You can learn more about how Google uses your Personal Information here:<br \/>\nhttps:\/\/www.google.com\/intl\/es\/policies\/privacy\/.\nPuede darse de baja de Google Analytics aqu\u00ed: https:\/\/tools.google.com\/dlpage\/gaoptout.<br \/>\nFinally, we may also share your Personal Information to comply with applicable laws and regulations, to respond to a<br \/>\nsubpoena, search warrant or other legal request for information we receive, or to protect our rights.\n<strong>BEHAVIORAL-DRIVEN ADVERTISING<\/strong><br \/>\nComo se describi\u00f3 anteriormente, utilizamos su Informaci\u00f3n personal para proporcionarle anuncios publicitarios dirigidos o comunicaciones demarketing que creemos que pueden ser de su inter\u00e9s. Para m\u00e1s informaci\u00f3n sobre c\u00f3mo funciona la publicidad dirigida, puede visitar la p\u00e1gineducativa de la Iniciativa Publicitaria en la Red (&#8220;NAI&#8221; por sus siglas en ingl\u00e9s) en http:\/\/www.networkadvertising.org\/understanding-onlineadvertising\/how-does-it-work.<br \/>\nPuede darse de baja de la publicidad dirigida mediante los siguientes enlaces:\nALGUNOS ENLACES FRECUENTES INCLUYEN:<br \/>\nFACEBOOK: https:\/\/www.facebook.com\/settings\/?tab=ads<br \/>\nGOOGLE: https:\/\/adssettings.google.com\/authenticated?hl=es<br \/>\nBING: https:\/\/about.ads.microsoft.com\/es-es\/recursos\/directivas\/anuncios-personalizados\nAdem\u00e1s, puede darse de baja de algunos de estos servicios visitando el portal de exclusi\u00f3n voluntaria de Digital Advertising Alliance en:<br \/>\nhttp:\/\/optout.aboutads.info\/.\n<strong>DO NOT TRACK<\/strong><br \/>\nPlease note that we do not alter our Site's data collection and use practices when we see a Do Not Track signal from your browser.\n<strong>YOUR RIGHTS<\/strong><br \/>\nIf you are a European resident, you have the right to access the personal information we hold about you and to request that your personal information be corrected, updated or deleted. If you wish to exercise this right, please contact us through the information of<br \/>\ncontact below.<br \/>\nAdditionally, if you are a European resident, we take into account that we are processing your information to fulfill the contracts we<br \/>\nwe may have with you (for example, if you place an order through the Site) or to pursue our legitimate business interests<br \/>\nlisted above. Additionally, please note that your information will be transferred outside of Europe, including Canada and the United States.<br \/>\n.<br \/>\n<strong>DATA RETENTION<\/strong><br \/>\nWhen you place an order through the Site, we will maintain your Order Information for our records unless and until you ask us to delete this information.\n<strong>MINORS<\/strong><br \/>\nThe site is not intended for persons under 18 years of age.<br \/>\n<strong>CHANGES<\/strong><br \/>\nWe may update this privacy policy from time to time to reflect, for example, changes in our practices or for other reasons.<br \/>\noperational, legal or regulatory.\n<p><strong>CONTACT US<\/strong><\/p>\nFor more information about our privacy practices, if you have any questions, or if you would like to make a complaint, please contact us by email at contacto@siluetayausa.com or by mail using the information provided below:<br \/>\n2901 E Greenway Rd, Phoenix, Az , Phoenix, AZ, 85032, Estados Unidos\n\n<\/div><!-- .vgblk-rw-wrapper -->","protected":false},"excerpt":{"rendered":"<p>Pol\u00edtica de privacidad de SILUETAYA LLC Esta Pol\u00edtica de privacidad describe c\u00f3mo se recopila, utiliza y comparte su informaci\u00f3n personal cuando visita o hace una compra en siluetayausa.com (denominado en lo sucesivo el &#8220;Sitio&#8221;). INFORMACI\u00d3N PERSONAL QUE RECOPILAMOS Cuando visita el Sitio, recopilamos autom\u00e1ticamente cierta informaci\u00f3n sobre su dispositivo, incluida informaci\u00f3n sobre su navegador web,&#8230;<\/p>","protected":false},"author":1,"featured_media":0,"parent":0,"menu_order":0,"comment_status":"closed","ping_status":"closed","template":"","meta":{"rs_blank_template":"","rs_page_bg_color":"","slide_template_v7":"","inline_featured_image":false,"footnotes":""},"class_list":["post-987796","page","type-page","status-publish","hentry"],"jetpack_sharing_enabled":true,"_links":{"self":[{"href":"https:\/\/siluetayausa.com\/en\/wp-json\/wp\/v2\/pages\/987796","targetHints":{"allow":["GET"]}}],"collection":[{"href":"https:\/\/siluetayausa.com\/en\/wp-json\/wp\/v2\/pages"}],"about":[{"href":"https:\/\/siluetayausa.com\/en\/wp-json\/wp\/v2\/types\/page"}],"author":[{"embeddable":true,"href":"https:\/\/siluetayausa.com\/en\/wp-json\/wp\/v2\/users\/1"}],"replies":[{"embeddable":true,"href":"https:\/\/siluetayausa.com\/en\/wp-json\/wp\/v2\/comments?post=987796"}],"version-history":[{"count":0,"href":"https:\/\/siluetayausa.com\/en\/wp-json\/wp\/v2\/pages\/987796\/revisions"}],"wp:attachment":[{"href":"https:\/\/siluetayausa.com\/en\/wp-json\/wp\/v2\/media?parent=987796"}],"curies":[{"name":"wp","href":"https:\/\/api.w.org\/{rel}","templated":true}]}}