{"id":987799,"date":"2023-11-10T23:48:06","date_gmt":"2023-11-10T23:48:06","guid":{"rendered":"https:\/\/siluetayausa.com\/?page_id=987799"},"modified":"2023-11-11T19:21:39","modified_gmt":"2023-11-11T19:21:39","slug":"politica-de-reembolsos-y-devoluciones","status":"publish","type":"page","link":"https:\/\/siluetayausa.com\/en\/politica-de-reembolsos-y-devoluciones\/","title":{"rendered":"Refunds and Returns Policy"},"content":{"rendered":"<div class=\"vgblk-rw-wrapper limit-wrapper\">\n\n\t<p>RETURNS<\/p>\n<hr \/>\n<p>Our policy lasts 30 days. If 30 days have passed since your purchase, unfortunately we cannot offer you a refund or exchange.<\/p>\n<p>To be eligible for a return, your item must be unused and in the same condition as you received it. It must also be in the original packaging.<\/p>\nTo complete your return, we need a receipt or proof of purchase.<br \/>\nDo not return your purchase to the manufacturer.\n<p>There are certain situations where only partial refunds are given: (if applicable)<\/p>\n<p>&nbsp;<\/p>\n<ul>\n<li>Any item returned more than 30 days after delivery.<br \/>\nRefunds (if applicable)<br \/>\nOnce your return is received and inspected, we will send you an email to notify you that we received the item you returned. We will also notify you of the approval or denial of your refund.<br \/>\nIf approved, your refund will be processed and a credit will automatically be applied to your credit card or original payment method, within a certain number of days.<\/li>\n<\/ul>\nLate or missing refunds (if applicable)<br \/>\nIf you haven't received a refund yet, first check your bank account again.<br \/>\nNext, contact your credit card company. It may take some time before your refund is officially reflected.<br \/>\nNext, contact your bank. Processing time is often required before a refund can be reflected.<br \/>\nIf you have already done all of the above and have not yet received your refund, you can contact us by writing to contacto@siluetayausa.com<br \/>\nSale items (if applicable)<br \/>\nSolo se pueden reembolsar los art\u00edculos de precio normal. Lamentablemente, no se pueden reembolsar los art\u00edculos en oferta.\nCambios (si corresponde)<br \/>\nSolo reemplazamos los art\u00edculos si est\u00e1n defectuosos o da\u00f1ados. Si necesita cambiarlo por el mismo art\u00edculo, env\u00edenos un correo electr\u00f3nico a contacto@siluetayausa.com y env\u00ede su art\u00edculo a: 2901 E Greenway Rd , Phoenix Az, 85032. (PO. BOX)\nRegalos<br \/>\nSi el art\u00edculo estaba marcado como regalo cuando se compr\u00f3 y se lo enviamos directamente a usted, recibir\u00e1 un cr\u00e9dito de regalo por el valor de su devoluci\u00f3n. Una vez que recibamos el art\u00edculo devuelto, se le enviar\u00e1 un certificado de regalo por correo.\nSi el art\u00edculo no estaba marcado como regalo cuando se compr\u00f3, o si la persona que hizo el regalo decidi\u00f3 que le enviaran el pedido para luego d\u00e1rselo a usted, le enviaremos un reembolso a la persona que hizo el regalo y se enterar\u00e1 de su devoluci\u00f3n.<br \/>\nShipment<br \/>\nTo return your product, you must mail it to: 2901 E Greenway Rd, Phoenix Az, 85032.\n<p>Shipping costs to return your item are your responsibility. Shipping costs are not refundable. If you receive a refund, the return shipping cost will be deducted from your refund.<\/p>\n<p>Depending on where you live, the time it takes to receive your exchanged product may vary.<\/p>\n<p>If shipping an item over $100 USD, it is recommended to use a tracked shipping service or purchase shipping insurance. We do not guarantee that we will receive your item back.<\/p>\n\n<\/div><!-- .vgblk-rw-wrapper -->","protected":false},"excerpt":{"rendered":"<p>DEVOLUCIONES Nuestra pol\u00edtica dura 30 d\u00edas. Si pasaron 30 d\u00edas desde su compra, desafortunadamente no podemos ofrecerle un reembolso ni un cambio. Para ser elegible para una devoluci\u00f3n, su art\u00edculo debe estar sin usar y en la misma condici\u00f3n en que lo recibi\u00f3. Tambi\u00e9n debe estar en el embalaje original. Para completar su devoluci\u00f3n, necesitamos&#8230;<\/p>","protected":false},"author":1,"featured_media":0,"parent":0,"menu_order":0,"comment_status":"closed","ping_status":"closed","template":"","meta":{"rs_blank_template":"","rs_page_bg_color":"","slide_template_v7":"","inline_featured_image":false,"footnotes":""},"class_list":["post-987799","page","type-page","status-publish","hentry"],"jetpack_sharing_enabled":true,"_links":{"self":[{"href":"https:\/\/siluetayausa.com\/en\/wp-json\/wp\/v2\/pages\/987799","targetHints":{"allow":["GET"]}}],"collection":[{"href":"https:\/\/siluetayausa.com\/en\/wp-json\/wp\/v2\/pages"}],"about":[{"href":"https:\/\/siluetayausa.com\/en\/wp-json\/wp\/v2\/types\/page"}],"author":[{"embeddable":true,"href":"https:\/\/siluetayausa.com\/en\/wp-json\/wp\/v2\/users\/1"}],"replies":[{"embeddable":true,"href":"https:\/\/siluetayausa.com\/en\/wp-json\/wp\/v2\/comments?post=987799"}],"version-history":[{"count":0,"href":"https:\/\/siluetayausa.com\/en\/wp-json\/wp\/v2\/pages\/987799\/revisions"}],"wp:attachment":[{"href":"https:\/\/siluetayausa.com\/en\/wp-json\/wp\/v2\/media?parent=987799"}],"curies":[{"name":"wp","href":"https:\/\/api.w.org\/{rel}","templated":true}]}}